{"id":215,"date":"2026-01-26T04:34:43","date_gmt":"2026-01-26T04:34:43","guid":{"rendered":"http:\/\/tami-wordpress.test\/?page_id=215"},"modified":"2026-02-04T03:13:59","modified_gmt":"2026-02-04T03:13:59","slug":"tin-tuc","status":"publish","type":"page","link":"https:\/\/tamiacademy.com\/ja\/tin-tuc\/","title":{"rendered":"Tin t\u1ee9c"},"content":{"rendered":"<div data-elementor-type=\"wp-page\" data-elementor-id=\"215\" class=\"elementor elementor-215\">\n\t\t\t\t\t\t<section class=\"elementor-section elementor-top-section elementor-element elementor-element-729b2a7 elementor-section-boxed elementor-section-height-default elementor-section-height-default\" data-id=\"729b2a7\" data-element_type=\"section\">\n\t\t\t\t\t\t<div class=\"elementor-container elementor-column-gap-default\">\n\t\t\t\t\t<div class=\"elementor-column elementor-col-100 elementor-top-column elementor-element elementor-element-b5c8bc0\" data-id=\"b5c8bc0\" data-element_type=\"column\">\n\t\t\t<div class=\"elementor-widget-wrap elementor-element-populated\">\n\t\t\t\t\t\t<div class=\"elementor-element elementor-element-7f6d0c0 elementor-widget elementor-widget-html\" data-id=\"7f6d0c0\" data-element_type=\"widget\" data-widget_type=\"html.default\">\n\t\t\t\t<div class=\"elementor-widget-container\">\n\t\t\t\t\t<div class=\"p-infrastructure\">\r\n        <div class=\"background\">\r\n            <img decoding=\"async\" src=\"\/images\/new-bg.jpg\" alt=\"err\">\r\n            <div class=\"content container\">\r\n                <div class=\"breadcrumb\">\r\n                    <svg width=\"20\" height=\"20\" viewbox=\"0 0 20 20\" fill=\"none\" xmlns=\"http:\/\/www.w3.org\/2000\/svg\">\r\n                        <path d=\"M3.125 8.28125V17.5C3.125 17.6658 3.19085 17.8247 3.30806 17.9419C3.42527 18.0592 3.58424 18.125 3.75 18.125H7.5V12.8125C7.5 12.5639 7.59877 12.3254 7.77459 12.1496C7.9504 11.9738 8.18886 11.875 8.4375 11.875H11.5625C11.8111 11.875 12.0496 11.9738 12.2254 12.1496C12.4012 12.3254 12.5 12.5639 12.5 12.8125V18.125H16.25C16.4158 18.125 16.5747 18.0592 16.6919 17.9419C16.8092 17.8247 16.875 17.6658 16.875 17.5V8.28125\" stroke=\"white\" stroke-width=\"1.2\" stroke-linecap=\"round\" stroke-linejoin=\"round\"\/>\r\n                        <path d=\"M18.75 9.99981L10.4254 2.03106C10.2301 1.82481 9.77344 1.82246 9.57461 2.03106L1.25 9.99981M15.625 6.99199V2.49981H13.75V5.19512\" stroke=\"white\" stroke-width=\"1.2\" stroke-linecap=\"round\" stroke-linejoin=\"round\"\/>\r\n                    <\/svg>\r\n                    <p>Trang ch\u1ee7 \/ Tin t\u1ee9c<\/p>\r\n                <\/div>\r\n                <div class=\"title\">\r\n                    <h3>Tin t\u1ee9c<\/h3>\r\n                    <h4>Tin t\u1ee9c<\/h4>\r\n                <\/div>\r\n            <\/div>\r\n        <\/div>\r\n    <\/div>\t\t\t\t<\/div>\n\t\t\t\t<\/div>\n\t\t\t\t<div class=\"elementor-element elementor-element-dbe83ad elementor-widget elementor-widget-spacer\" data-id=\"dbe83ad\" data-element_type=\"widget\" data-widget_type=\"spacer.default\">\n\t\t\t\t<div class=\"elementor-widget-container\">\n\t\t\t\t\t\t\t<div class=\"elementor-spacer\">\n\t\t\t<div class=\"elementor-spacer-inner\"><\/div>\n\t\t<\/div>\n\t\t\t\t\t\t<\/div>\n\t\t\t\t<\/div>\n\t\t\t\t\t<\/div>\n\t\t<\/div>\n\t\t\t\t\t<\/div>\n\t\t<\/section>\n\t\t\t\t<section class=\"elementor-section elementor-top-section elementor-element elementor-element-2464208 l-container elementor-section-boxed elementor-section-height-default elementor-section-height-default\" data-id=\"2464208\" data-element_type=\"section\">\n\t\t\t\t\t\t<div class=\"elementor-container elementor-column-gap-default\">\n\t\t\t\t\t<div class=\"elementor-column elementor-col-100 elementor-top-column elementor-element elementor-element-55b76b2\" data-id=\"55b76b2\" data-element_type=\"column\">\n\t\t\t<div class=\"elementor-widget-wrap elementor-element-populated\">\n\t\t\t\t\t\t<div class=\"elementor-element elementor-element-0220624 elementor-widget elementor-widget-spacer\" data-id=\"0220624\" data-element_type=\"widget\" data-widget_type=\"spacer.default\">\n\t\t\t\t<div class=\"elementor-widget-container\">\n\t\t\t\t\t\t\t<div class=\"elementor-spacer\">\n\t\t\t<div class=\"elementor-spacer-inner\"><\/div>\n\t\t<\/div>\n\t\t\t\t\t\t<\/div>\n\t\t\t\t<\/div>\n\t\t\t\t\t<\/div>\n\t\t<\/div>\n\t\t\t\t\t<\/div>\n\t\t<\/section>\n\t\t\t\t<section class=\"elementor-section elementor-top-section elementor-element elementor-element-3b74a39 elementor-section-boxed elementor-section-height-default elementor-section-height-default\" data-id=\"3b74a39\" data-element_type=\"section\">\n\t\t\t\t\t\t<div class=\"elementor-container elementor-column-gap-default\">\n\t\t\t\t\t<div class=\"elementor-column elementor-col-100 elementor-top-column elementor-element elementor-element-99adbbf\" data-id=\"99adbbf\" data-element_type=\"column\">\n\t\t\t<div class=\"elementor-widget-wrap elementor-element-populated\">\n\t\t\t\t\t\t<div class=\"elementor-element elementor-element-cb8c418 elementor-widget elementor-widget-html\" data-id=\"cb8c418\" data-element_type=\"widget\" data-widget_type=\"html.default\">\n\t\t\t\t<div class=\"elementor-widget-container\">\n\t\t\t\t\t<section id=\"cta\" class=\"cta-section\">\r\n    <div class=\"container\">\r\n      <div class=\"cta-content\">\r\n        <div class=\"pill\">Li\u00ean h\u1ec7<\/div>\r\n        <h2 class=\"section-title\">Li\u00ean H\u1ec7 V\u1edbi Ch\u00fang T\u00f4i<\/h2>\r\n        <p class=\"cta-desc\">C\u00f9ng kh\u00e1m ph\u00e1 nh\u1eefng g\u00ec t\u1ed1t nh\u1ea5t.<\/p>\r\n        <a href=\"\/ja\/lien-he\/\" class=\"btn-primary\">\r\n          Li\u00ean h\u1ec7 ngay\r\n          <img decoding=\"async\" src=\"\/images\/I77755_1474_5707_8318_812_7344.svg\" alt=\"Arrow\">\r\n        <\/a>\r\n      <\/div>\r\n    <\/div>\r\n  <\/section>\t\t\t\t<\/div>\n\t\t\t\t<\/div>\n\t\t\t\t\t<\/div>\n\t\t<\/div>\n\t\t\t\t\t<\/div>\n\t\t<\/section>\n\t\t\t\t<\/div>","protected":false},"excerpt":{"rendered":"<p>Trang ch\u1ee7 \/ Tin t\u1ee9c Tin t\u1ee9c Tin t\u1ee9c Li\u00ean h\u1ec7 Li\u00ean H\u1ec7 V\u1edbi Ch\u00fang T\u00f4i C\u00f9ng kh\u00e1m ph\u00e1 nh\u1eefng g\u00ec t\u1ed1t nh\u1ea5t. Li\u00ean h\u1ec7 ngay<\/p>","protected":false},"author":1,"featured_media":0,"parent":0,"menu_order":0,"comment_status":"closed","ping_status":"closed","template":"","meta":{"_acf_changed":false,"footnotes":""},"class_list":["post-215","page","type-page","status-publish","hentry"],"acf":[],"_links":{"self":[{"href":"https:\/\/tamiacademy.com\/ja\/wp-json\/wp\/v2\/pages\/215","targetHints":{"allow":["GET"]}}],"collection":[{"href":"https:\/\/tamiacademy.com\/ja\/wp-json\/wp\/v2\/pages"}],"about":[{"href":"https:\/\/tamiacademy.com\/ja\/wp-json\/wp\/v2\/types\/page"}],"author":[{"embeddable":true,"href":"https:\/\/tamiacademy.com\/ja\/wp-json\/wp\/v2\/users\/1"}],"replies":[{"embeddable":true,"href":"https:\/\/tamiacademy.com\/ja\/wp-json\/wp\/v2\/comments?post=215"}],"version-history":[{"count":0,"href":"https:\/\/tamiacademy.com\/ja\/wp-json\/wp\/v2\/pages\/215\/revisions"}],"wp:attachment":[{"href":"https:\/\/tamiacademy.com\/ja\/wp-json\/wp\/v2\/media?parent=215"}],"curies":[{"name":"wp","href":"https:\/\/api.w.org\/{rel}","templated":true}]}}