{"id":73,"date":"2026-01-14T04:21:40","date_gmt":"2026-01-14T04:21:40","guid":{"rendered":"http:\/\/tami.test\/?page_id=73"},"modified":"2026-03-11T16:33:22","modified_gmt":"2026-03-11T09:33:22","slug":"lien-he","status":"publish","type":"page","link":"https:\/\/tamiacademy.com\/en\/lien-he\/","title":{"rendered":"Li\u00ean h\u1ec7"},"content":{"rendered":"<div data-elementor-type=\"wp-page\" data-elementor-id=\"73\" class=\"elementor elementor-73\">\n\t\t\t\t\t\t<section class=\"elementor-section elementor-top-section elementor-element elementor-element-fd0557c elementor-section-boxed elementor-section-height-default elementor-section-height-default\" data-id=\"fd0557c\" data-element_type=\"section\">\n\t\t\t\t\t\t<div class=\"elementor-container elementor-column-gap-default\">\n\t\t\t\t\t<div class=\"elementor-column elementor-col-100 elementor-top-column elementor-element elementor-element-ae63763\" data-id=\"ae63763\" data-element_type=\"column\">\n\t\t\t<div class=\"elementor-widget-wrap elementor-element-populated\">\n\t\t\t\t\t\t<div class=\"elementor-element elementor-element-4d98ecf elementor-widget elementor-widget-html\" data-id=\"4d98ecf\" data-element_type=\"widget\" data-widget_type=\"html.default\">\n\t\t\t\t<div class=\"elementor-widget-container\">\n\t\t\t\t\t<div class=\"p-infrastructure\">\r\n        <div class=\"background\">\r\n            <img decoding=\"async\" src=\"\/images\/contact-bg-top.jpg\" alt=\"err\">\r\n            <div class=\"content container\">\r\n                <div class=\"breadcrumb\">\r\n                    <svg width=\"20\" height=\"20\" viewbox=\"0 0 20 20\" fill=\"none\" xmlns=\"http:\/\/www.w3.org\/2000\/svg\">\r\n                        <path d=\"M3.125 8.28125V17.5C3.125 17.6658 3.19085 17.8247 3.30806 17.9419C3.42527 18.0592 3.58424 18.125 3.75 18.125H7.5V12.8125C7.5 12.5639 7.59877 12.3254 7.77459 12.1496C7.9504 11.9738 8.18886 11.875 8.4375 11.875H11.5625C11.8111 11.875 12.0496 11.9738 12.2254 12.1496C12.4012 12.3254 12.5 12.5639 12.5 12.8125V18.125H16.25C16.4158 18.125 16.5747 18.0592 16.6919 17.9419C16.8092 17.8247 16.875 17.6658 16.875 17.5V8.28125\" stroke=\"white\" stroke-width=\"1.2\" stroke-linecap=\"round\" stroke-linejoin=\"round\"\/>\r\n                        <path d=\"M18.75 9.99981L10.4254 2.03106C10.2301 1.82481 9.77344 1.82246 9.57461 2.03106L1.25 9.99981M15.625 6.99199V2.49981H13.75V5.19512\" stroke=\"white\" stroke-width=\"1.2\" stroke-linecap=\"round\" stroke-linejoin=\"round\"\/>\r\n                    <\/svg>\r\n                    <p>Trang ch\u1ee7 \/ li\u00ean h\u1ec7<\/p>\r\n                <\/div>\r\n                <div class=\"title\">\r\n                    <h3>Li\u00ean h\u1ec7<\/h3>\r\n                    <h4>Li\u00ean h\u1ec7<\/h4>\r\n                <\/div>\r\n            <\/div>\r\n        <\/div>\r\n    <\/div>\t\t\t\t<\/div>\n\t\t\t\t<\/div>\n\t\t\t\t\t<\/div>\n\t\t<\/div>\n\t\t\t\t\t<\/div>\n\t\t<\/section>\n\t\t\t\t<section class=\"elementor-section elementor-top-section elementor-element elementor-element-9fec50a elementor-section-boxed elementor-section-height-default elementor-section-height-default\" data-id=\"9fec50a\" data-element_type=\"section\">\n\t\t\t\t\t\t<div class=\"elementor-container elementor-column-gap-default\">\n\t\t\t\t\t<div class=\"elementor-column elementor-col-100 elementor-top-column elementor-element elementor-element-050af6e\" data-id=\"050af6e\" data-element_type=\"column\">\n\t\t\t<div class=\"elementor-widget-wrap elementor-element-populated\">\n\t\t\t\t\t\t<div class=\"elementor-element elementor-element-ce4a67c elementor-widget elementor-widget-html\" data-id=\"ce4a67c\" data-element_type=\"widget\" data-widget_type=\"html.default\">\n\t\t\t\t<div class=\"elementor-widget-container\">\n\t\t\t\t\t<div class=\"p-contact\">\r\n        <div class=\"container\">\r\n            <div class=\"contact-header\">\r\n            <h2>Li\u00ean H\u1ec7 V\u1edbi Ch\u00fang T\u00f4i<\/h2>\r\n            <p>\r\n                \u0110\u1ec3 c\u00f9ng kh\u00e1m ph\u00e1 l\u1ed9 tr\u00ecnh h\u1ecdc t\u1eadp ph\u00f9 h\u1ee3p,<br> gi\u00fap b\u1ea1n l\u00e0m ch\u1ee7 c\u00f4ng ngh\u1ec7 v\u00e0 chu\u1ea9n b\u1ecb s\u1eb5n s\u00e0ng cho m\u1ed9t h\u00e0nh tr\u00ecnh r\u1ed9ng m\u1edf.\r\n            <\/p>\r\n            <\/div>\r\n            \r\n        <\/div>\r\n    <\/div>\t\t\t\t<\/div>\n\t\t\t\t<\/div>\n\t\t\t\t\t<\/div>\n\t\t<\/div>\n\t\t\t\t\t<\/div>\n\t\t<\/section>\n\t\t\t\t<section class=\"elementor-section elementor-top-section elementor-element elementor-element-451a08e elementor-section-boxed elementor-section-height-default elementor-section-height-default\" data-id=\"451a08e\" data-element_type=\"section\">\n\t\t\t\t\t\t<div class=\"elementor-container elementor-column-gap-default\">\n\t\t\t\t\t<div class=\"elementor-column elementor-col-66 elementor-top-column elementor-element elementor-element-5595385\" data-id=\"5595385\" data-element_type=\"column\">\n\t\t\t<div class=\"elementor-widget-wrap elementor-element-populated\">\n\t\t\t\t\t\t<div class=\"elementor-element elementor-element-639486a elementor-widget elementor-widget-shortcode\" data-id=\"639486a\" data-element_type=\"widget\" data-widget_type=\"shortcode.default\">\n\t\t\t\t<div class=\"elementor-widget-container\">\n\t\t\t\t\t\t\t<div class=\"elementor-shortcode\">\n<div class=\"wpcf7 no-js\" id=\"wpcf7-f211-o1\" lang=\"en-US\" dir=\"ltr\" data-wpcf7-id=\"211\">\n<div class=\"screen-reader-response\"><p role=\"status\" aria-live=\"polite\" aria-atomic=\"true\"><\/p> <ul><\/ul><\/div>\n<form action=\"\/en\/wp-json\/wp\/v2\/pages\/73#wpcf7-f211-o1\" method=\"post\" class=\"wpcf7-form init\" aria-label=\"Contact form\" novalidate=\"novalidate\" data-status=\"init\" data-trp-original-action=\"\/en\/wp-json\/wp\/v2\/pages\/73#wpcf7-f211-o1\">\n<fieldset class=\"hidden-fields-container\"><input type=\"hidden\" name=\"_wpcf7\" value=\"211\" \/><input type=\"hidden\" name=\"_wpcf7_version\" value=\"6.1.4\" \/><input type=\"hidden\" name=\"_wpcf7_locale\" value=\"en_US\" \/><input type=\"hidden\" name=\"_wpcf7_unit_tag\" value=\"wpcf7-f211-o1\" \/><input type=\"hidden\" name=\"_wpcf7_container_post\" value=\"0\" \/><input type=\"hidden\" name=\"_wpcf7_posted_data_hash\" value=\"\" \/>\n<\/fieldset>\n<div class=\"p-contact !mt-0\">\n\t<div class=\"contact-form\">\n\t\t<div class=\"row\">\n\t\t\t<div class=\"field\">\n\t\t\t\t<p><label>H\u1ecd <span>*<\/span><\/label><br \/>\n<span class=\"wpcf7-form-control-wrap\" data-name=\"your-last-name\"><input size=\"40\" maxlength=\"400\" class=\"wpcf7-form-control wpcf7-text wpcf7-validates-as-required input-field\" autocomplete=\"family-name\" aria-required=\"true\" aria-invalid=\"false\" placeholder=\"Nh\u1eadp h\u1ecd c\u1ee7a b\u1ea1n\" value=\"\" type=\"text\" name=\"your-last-name\" \/><\/span>\n\t\t\t\t<\/p>\n\t\t\t<\/div>\n\t\t\t<div class=\"field\">\n\t\t\t\t<p><label>T\u00ean <span>*<\/span><\/label><br \/>\n<span class=\"wpcf7-form-control-wrap\" data-name=\"your-first-name\"><input size=\"40\" maxlength=\"400\" class=\"wpcf7-form-control wpcf7-text wpcf7-validates-as-required input-field\" autocomplete=\"given-name\" aria-required=\"true\" aria-invalid=\"false\" placeholder=\"Nh\u1eadp t\u00ean c\u1ee7a b\u1ea1n\" value=\"\" type=\"text\" name=\"your-first-name\" \/><\/span>\n\t\t\t\t<\/p>\n\t\t\t<\/div>\n\t\t<\/div>\n\t\t<div class=\"row\">\n\t\t\t<div class=\"field\">\n\t\t\t\t<p><label>S\u1ed1 \u0111i\u1ec7n tho\u1ea1i <span>*<\/span><\/label><br \/>\n<span class=\"wpcf7-form-control-wrap\" data-name=\"tel-84\"><input size=\"40\" maxlength=\"400\" class=\"wpcf7-form-control wpcf7-tel wpcf7-validates-as-required wpcf7-text wpcf7-validates-as-tel input-field\" aria-required=\"true\" aria-invalid=\"false\" placeholder=\"Nh\u1eadp s\u1ed1 \u0111i\u1ec7n tho\u1ea1i\" value=\"\" type=\"tel\" name=\"tel-84\" \/><\/span>\n\t\t\t\t<\/p>\n\t\t\t<\/div>\n\t\t\t<div class=\"field\">\n\t\t\t\t<p><label>Email <span>*<\/span><\/label><br \/>\n<span class=\"wpcf7-form-control-wrap\" data-name=\"your-email\"><input size=\"40\" maxlength=\"400\" class=\"wpcf7-form-control wpcf7-email wpcf7-validates-as-required wpcf7-text wpcf7-validates-as-email input-field\" autocomplete=\"email\" aria-required=\"true\" aria-invalid=\"false\" placeholder=\"Nh\u1eadp email\" value=\"\" type=\"email\" name=\"your-email\" \/><\/span>\n\t\t\t\t<\/p>\n\t\t\t<\/div>\n\t\t<\/div>\n\t\t<div class=\"field\">\n\t\t\t<p><label>URL Kh\u00f3a h\u1ecdc<\/label><br \/>\n<span class=\"wpcf7-form-control-wrap\" data-name=\"text-488\"><input size=\"40\" maxlength=\"400\" class=\"wpcf7-form-control wpcf7-text input-field\" id=\"course-url\" aria-invalid=\"false\" placeholder=\"https:\/\/example.com\" value=\"\" type=\"text\" name=\"text-488\" \/><\/span>\n\t\t\t<\/p>\n\t\t<\/div>\n\t\t<div class=\"field\">\n\t\t\t<p><span class=\"wpcf7-form-control-wrap\" data-name=\"your-message\"><textarea cols=\"40\" rows=\"5\" maxlength=\"2000\" class=\"wpcf7-form-control wpcf7-textarea wpcf7-validates-as-required textarea-field\" aria-required=\"true\" aria-invalid=\"false\" placeholder=\"Nh\u1eadp l\u1eddi nh\u1eafn c\u1ee7a b\u1ea1n\" name=\"your-message\"><\/textarea><\/span>\n\t\t\t<\/p>\n\t\t<\/div>\n\t\t<p><input class=\"wpcf7-form-control wpcf7-submit has-spinner btn-submit\" type=\"submit\" value=\"G\u1eedi tin nh\u1eafn\" \/>\n\t\t<\/p>\n\t<\/div>\n<\/div><p style=\"display: none !important;\" class=\"akismet-fields-container\" data-prefix=\"_wpcf7_ak_\"><label>&#916;<textarea name=\"_wpcf7_ak_hp_textarea\" cols=\"45\" rows=\"8\" maxlength=\"100\"><\/textarea><\/label><input type=\"hidden\" id=\"ak_js_1\" name=\"_wpcf7_ak_js\" value=\"207\"\/><script>document.getElementById( \"ak_js_1\" ).setAttribute( \"value\", ( new Date() ).getTime() );<\/script><\/p><div class=\"wpcf7-response-output\" aria-hidden=\"true\"><\/div>\n<input type=\"hidden\" name=\"trp-form-language\" value=\"en\"\/><\/form>\n<\/div>\n<\/div>\n\t\t\t\t\t\t<\/div>\n\t\t\t\t<\/div>\n\t\t\t\t\t<\/div>\n\t\t<\/div>\n\t\t\t\t<div class=\"elementor-column elementor-col-33 elementor-top-column elementor-element elementor-element-2009e16\" data-id=\"2009e16\" data-element_type=\"column\">\n\t\t\t<div class=\"elementor-widget-wrap elementor-element-populated\">\n\t\t\t\t\t\t<div class=\"elementor-element elementor-element-88e3a13 elementor-widget elementor-widget-html\" data-id=\"88e3a13\" data-element_type=\"widget\" data-widget_type=\"html.default\">\n\t\t\t\t<div class=\"elementor-widget-container\">\n\t\t\t\t\t<div class=\"p-contact !mt-0\">\r\n    <div class=\"contact-info\">\r\n        <h3>Contact Us<\/h3>\r\n        <a href=\"tel:+256567785678\" class=\"info-item\">\r\n            <span>\r\n                <svg width=\"50\" height=\"50\" viewbox=\"0 0 50 50\" fill=\"none\" xmlns=\"http:\/\/www.w3.org\/2000\/svg\">\r\n                    <rect width=\"50\" height=\"50\" rx=\"25\" fill=\"white\"\/>\r\n                    <path d=\"M32.5434 28.306L29.0434 26.806C28.8939 26.7422 28.7277 26.7288 28.5699 26.7677C28.4121 26.8066 28.2712 26.8957 28.1684 27.0216L26.6184 28.9153C24.1859 27.7684 22.2282 25.8107 21.0813 23.3782L22.975 21.8282C23.1011 21.7256 23.1904 21.5846 23.2293 21.4268C23.2682 21.2689 23.2547 21.1026 23.1906 20.9532L21.6906 17.4532C21.6203 17.292 21.4961 17.1605 21.3392 17.0812C21.1823 17.0019 21.0027 16.9798 20.8312 17.0188L17.5813 17.7688C17.416 17.8069 17.2685 17.9 17.163 18.0327C17.0574 18.1655 17 18.3301 17 18.4997C17 26.5153 23.4969 32.9997 31.5 32.9997C31.6697 32.9998 31.8343 32.9424 31.9672 32.8368C32.1 32.7313 32.1931 32.5838 32.2312 32.4185L32.9812 29.1685C33.02 28.9962 32.9974 28.8159 32.9175 28.6585C32.8376 28.501 32.7053 28.3764 32.5434 28.306Z\" fill=\"#C1231A\"\/>\r\n                <\/svg>\r\n            <\/span>\r\n            <div>\r\n                <p>Hotline<\/p>\r\n                <strong>+84 988 8383 41<\/strong>\r\n            <\/div>\r\n        <\/a>\r\n        <a href=\"mailto:info@invena.com\" class=\"info-item\">\r\n            <span>\r\n                <svg width=\"50\" height=\"50\" viewbox=\"0 0 50 50\" fill=\"none\" xmlns=\"http:\/\/www.w3.org\/2000\/svg\">\r\n                    <rect width=\"50\" height=\"50\" rx=\"25\" fill=\"white\"\/>\r\n                    <path d=\"M32.6969 22.9625C32.8187 22.8656 33 22.9562 33 23.1094V29.5C33 30.3281 32.3281 31 31.5 31H18.5C17.6719 31 17 30.3281 17 29.5V23.1125C17 22.9563 17.1781 22.8687 17.3031 22.9656C18.0031 23.5094 18.9313 24.2 22.1188 26.5156C22.7781 26.9969 23.8906 28.0094 25 28.0031C26.1156 28.0125 27.25 26.9781 27.8844 26.5156C31.0719 24.2 31.9969 23.5062 32.6969 22.9625ZM25 27C25.725 27.0125 26.7688 26.0875 27.2937 25.7063C31.4406 22.6969 31.7562 22.4344 32.7125 21.6844C32.8937 21.5437 33 21.325 33 21.0938V20.5C33 19.6719 32.3281 19 31.5 19H18.5C17.6719 19 17 19.6719 17 20.5V21.0938C17 21.325 17.1062 21.5406 17.2875 21.6844C18.2437 22.4312 18.5594 22.6969 22.7063 25.7063C23.2313 26.0875 24.275 27.0125 25 27Z\" fill=\"#C1231A\"\/>\r\n                <\/svg>\r\n            <\/span>\r\n            <div>\r\n                <p>Email<\/p>\r\n                <strong>info@tamiacademy.com<\/strong>\r\n            <\/div>\r\n        <\/a>\r\n        <div class=\"info-item\">\r\n            <span>\r\n                <svg width=\"50\" height=\"50\" viewbox=\"0 0 50 50\" fill=\"none\" xmlns=\"http:\/\/www.w3.org\/2000\/svg\">\r\n                    <rect width=\"50\" height=\"50\" rx=\"25\" fill=\"white\"\/>\r\n                    <path d=\"M24.3834 32.6772C19.8428 26.0947 19 25.4192 19 23C19 19.6863 21.6863 17 25 17C28.3137 17 31 19.6863 31 23C31 25.4192 30.1572 26.0947 25.6166 32.6772C25.3187 33.1076 24.6813 33.1076 24.3834 32.6772ZM25 25.5C26.3807 25.5 27.5 24.3807 27.5 23C27.5 21.6193 26.3807 20.5 25 20.5C23.6193 20.5 22.5 21.6193 22.5 23C22.5 24.3807 23.6193 25.5 25 25.5Z\" fill=\"#C1231A\"\/>\r\n                <\/svg>\r\n            <\/span>\r\n            <div>\r\n                <p>\u0110\u1ecba ch\u1ec9<\/p>\r\n                <strong>TT3-19, \u0110\u01b0\u1eddng CN 9, Xu\u00e2n Ph\u01b0\u01a1ng\r\nNam T\u1eeb Li\u00eam, H\u00e0 N\u1ed9i, Vi\u1ec7t Nam<\/strong>\r\n            <\/div>\r\n        <\/div>\r\n    <\/div>\r\n<\/div>\t\t\t\t<\/div>\n\t\t\t\t<\/div>\n\t\t\t\t\t<\/div>\n\t\t<\/div>\n\t\t\t\t\t<\/div>\n\t\t<\/section>\n\t\t\t\t<section class=\"elementor-section elementor-top-section elementor-element elementor-element-7702e34 elementor-section-boxed elementor-section-height-default elementor-section-height-default\" data-id=\"7702e34\" data-element_type=\"section\">\n\t\t\t\t\t\t<div class=\"elementor-container elementor-column-gap-default\">\n\t\t\t\t\t<div class=\"elementor-column elementor-col-100 elementor-top-column elementor-element elementor-element-8431a08\" data-id=\"8431a08\" data-element_type=\"column\">\n\t\t\t<div class=\"elementor-widget-wrap elementor-element-populated\">\n\t\t\t\t\t\t<div class=\"elementor-element elementor-element-9074b86 elementor-widget elementor-widget-spacer\" data-id=\"9074b86\" data-element_type=\"widget\" data-widget_type=\"spacer.default\">\n\t\t\t\t<div class=\"elementor-widget-container\">\n\t\t\t\t\t\t\t<div class=\"elementor-spacer\">\n\t\t\t<div class=\"elementor-spacer-inner\"><\/div>\n\t\t<\/div>\n\t\t\t\t\t\t<\/div>\n\t\t\t\t<\/div>\n\t\t\t\t\t<\/div>\n\t\t<\/div>\n\t\t\t\t\t<\/div>\n\t\t<\/section>\n\t\t\t\t<\/div>","protected":false},"excerpt":{"rendered":"<p>Trang ch\u1ee7 \/ li\u00ean h\u1ec7 Li\u00ean h\u1ec7 Li\u00ean h\u1ec7 Li\u00ean H\u1ec7 V\u1edbi Ch\u00fang T\u00f4i \u0110\u1ec3 c\u00f9ng kh\u00e1m ph\u00e1 l\u1ed9 tr\u00ecnh h\u1ecdc t\u1eadp ph\u00f9 h\u1ee3p, gi\u00fap b\u1ea1n l\u00e0m ch\u1ee7 c\u00f4ng ngh\u1ec7 v\u00e0 chu\u1ea9n b\u1ecb s\u1eb5n s\u00e0ng cho m\u1ed9t h\u00e0nh tr\u00ecnh r\u1ed9ng m\u1edf. Contact Us Hotline +84 988 8383 41 Email info@tamiacademy.com \u0110\u1ecba ch\u1ec9 TT3-19, \u0110\u01b0\u1eddng CN [&hellip;]<\/p>","protected":false},"author":1,"featured_media":0,"parent":0,"menu_order":0,"comment_status":"closed","ping_status":"closed","template":"","meta":{"_acf_changed":false,"footnotes":""},"class_list":["post-73","page","type-page","status-publish","hentry"],"acf":[],"_links":{"self":[{"href":"https:\/\/tamiacademy.com\/en\/wp-json\/wp\/v2\/pages\/73","targetHints":{"allow":["GET"]}}],"collection":[{"href":"https:\/\/tamiacademy.com\/en\/wp-json\/wp\/v2\/pages"}],"about":[{"href":"https:\/\/tamiacademy.com\/en\/wp-json\/wp\/v2\/types\/page"}],"author":[{"embeddable":true,"href":"https:\/\/tamiacademy.com\/en\/wp-json\/wp\/v2\/users\/1"}],"replies":[{"embeddable":true,"href":"https:\/\/tamiacademy.com\/en\/wp-json\/wp\/v2\/comments?post=73"}],"version-history":[{"count":6,"href":"https:\/\/tamiacademy.com\/en\/wp-json\/wp\/v2\/pages\/73\/revisions"}],"predecessor-version":[{"id":2026,"href":"https:\/\/tamiacademy.com\/en\/wp-json\/wp\/v2\/pages\/73\/revisions\/2026"}],"wp:attachment":[{"href":"https:\/\/tamiacademy.com\/en\/wp-json\/wp\/v2\/media?parent=73"}],"curies":[{"name":"wp","href":"https:\/\/api.w.org\/{rel}","templated":true}]}}