{"id":2012,"date":"2026-03-11T12:00:43","date_gmt":"2026-03-11T05:00:43","guid":{"rendered":"https:\/\/tamiacademy.com\/?page_id=2012"},"modified":"2026-03-11T12:01:41","modified_gmt":"2026-03-11T05:01:41","slug":"dao-tao-theo-nhu-cau","status":"publish","type":"page","link":"https:\/\/tamiacademy.com\/en\/dao-tao-theo-nhu-cau\/","title":{"rendered":"\u0110\u00e0o t\u1ea1o theo nhu c\u1ea7u"},"content":{"rendered":"<div data-elementor-type=\"wp-page\" data-elementor-id=\"2012\" class=\"elementor elementor-2012\">\n\t\t\t\t\t\t<section class=\"elementor-section elementor-top-section elementor-element elementor-element-bbdbc47 elementor-section-boxed elementor-section-height-default elementor-section-height-default\" data-id=\"bbdbc47\" data-element_type=\"section\">\n\t\t\t\t\t\t<div class=\"elementor-container elementor-column-gap-default\">\n\t\t\t\t\t<div class=\"elementor-column elementor-col-100 elementor-top-column elementor-element elementor-element-c5ffd9b\" data-id=\"c5ffd9b\" data-element_type=\"column\">\n\t\t\t<div class=\"elementor-widget-wrap elementor-element-populated\">\n\t\t\t\t\t\t<div class=\"elementor-element elementor-element-d0dd26b elementor-widget elementor-widget-html\" data-id=\"d0dd26b\" data-element_type=\"widget\" data-widget_type=\"html.default\">\n\t\t\t\t<div class=\"elementor-widget-container\">\n\t\t\t\t\t<div class=\"p-infrastructure\">\r\n        <div class=\"background\">\r\n            <img decoding=\"async\" src=\"\/images\/docs-bg.jpg\" alt=\"err\">\r\n            <div class=\"content container\">\r\n                <div class=\"breadcrumb\">\r\n                    <svg width=\"20\" height=\"20\" viewbox=\"0 0 20 20\" fill=\"none\" xmlns=\"http:\/\/www.w3.org\/2000\/svg\">\r\n                        <path d=\"M3.125 8.28125V17.5C3.125 17.6658 3.19085 17.8247 3.30806 17.9419C3.42527 18.0592 3.58424 18.125 3.75 18.125H7.5V12.8125C7.5 12.5639 7.59877 12.3254 7.77459 12.1496C7.9504 11.9738 8.18886 11.875 8.4375 11.875H11.5625C11.8111 11.875 12.0496 11.9738 12.2254 12.1496C12.4012 12.3254 12.5 12.5639 12.5 12.8125V18.125H16.25C16.4158 18.125 16.5747 18.0592 16.6919 17.9419C16.8092 17.8247 16.875 17.6658 16.875 17.5V8.28125\" stroke=\"white\" stroke-width=\"1.2\" stroke-linecap=\"round\" stroke-linejoin=\"round\"\/>\r\n                        <path d=\"M18.75 9.99981L10.4254 2.03106C10.2301 1.82481 9.77344 1.82246 9.57461 2.03106L1.25 9.99981M15.625 6.99199V2.49981H13.75V5.19512\" stroke=\"white\" stroke-width=\"1.2\" stroke-linecap=\"round\" stroke-linejoin=\"round\"\/>\r\n                    <\/svg>\r\n                    <p>Trang ch\u1ee7 \/ \u0110\u00c0O T\u1ea0O DOANH NGHI\u1ec6P \/ \u0110\u00c0O T\u1ea0O TH\u01af\u1edcNG NI\u00caN<\/p>\r\n                <\/div>\r\n                <div class=\"title\">\r\n                    <h3>\u0110\u00c0O T\u1ea0O TH\u01af\u1edcNG NI\u00caN<\/h3>\r\n                    <h4>\u0110\u00c0O T\u1ea0O TH\u01af\u1edcNG NI\u00caN<\/h4>\r\n                <\/div>\r\n            <\/div>\r\n        <\/div>\r\n    <\/div>\t\t\t\t<\/div>\n\t\t\t\t<\/div>\n\t\t\t\t\t<\/div>\n\t\t<\/div>\n\t\t\t\t\t<\/div>\n\t\t<\/section>\n\t\t\t\t<section class=\"elementor-section elementor-top-section elementor-element elementor-element-05421eb elementor-section-boxed elementor-section-height-default elementor-section-height-default\" data-id=\"05421eb\" data-element_type=\"section\">\n\t\t\t\t\t\t<div class=\"elementor-container elementor-column-gap-default\">\n\t\t\t\t\t<div class=\"elementor-column elementor-col-100 elementor-top-column elementor-element elementor-element-22b2784\" data-id=\"22b2784\" data-element_type=\"column\">\n\t\t\t<div class=\"elementor-widget-wrap elementor-element-populated\">\n\t\t\t\t\t\t<div class=\"elementor-element elementor-element-ef1b098 elementor-widget elementor-widget-html\" data-id=\"ef1b098\" data-element_type=\"widget\" data-widget_type=\"html.default\">\n\t\t\t\t<div class=\"elementor-widget-container\">\n\t\t\t\t\t<div class=\"p-docs p-blog\">\r\n    <div class=\"contact-us\">\r\n        <div class=\"content\">\r\n            <div class=\"commont-title\">\r\n                <span>\u0110\u00c0O T\u1ea0O TH\u01af\u1edcNG NI\u00caN<\/span>\r\n                <p><\/p>\r\n            <\/div>\r\n        <\/div>\r\n    <\/div>\r\n<\/div>\t\t\t\t<\/div>\n\t\t\t\t<\/div>\n\t\t\t\t<div class=\"elementor-element elementor-element-6c081c8 elementor-widget elementor-widget-shortcode\" data-id=\"6c081c8\" data-element_type=\"widget\" data-widget_type=\"shortcode.default\">\n\t\t\t\t<div class=\"elementor-widget-container\">\n\t\t\t\t\t\t\t<div class=\"elementor-shortcode\"><p>Coming soon...<\/p><\/div>\n\t\t\t\t\t\t<\/div>\n\t\t\t\t<\/div>\n\t\t\t\t\t<\/div>\n\t\t<\/div>\n\t\t\t\t\t<\/div>\n\t\t<\/section>\n\t\t\t\t<\/div>","protected":false},"excerpt":{"rendered":"<p>Trang ch\u1ee7 \/ \u0110\u00c0O T\u1ea0O DOANH NGHI\u1ec6P \/ \u0110\u00c0O T\u1ea0O TH\u01af\u1edcNG NI\u00caN \u0110\u00c0O T\u1ea0O TH\u01af\u1edcNG NI\u00caN \u0110\u00c0O T\u1ea0O TH\u01af\u1edcNG NI\u00caN \u0110\u00c0O T\u1ea0O TH\u01af\u1edcNG NI\u00caN<\/p>","protected":false},"author":1,"featured_media":0,"parent":0,"menu_order":0,"comment_status":"closed","ping_status":"closed","template":"","meta":{"_acf_changed":false,"footnotes":""},"class_list":["post-2012","page","type-page","status-publish","hentry"],"acf":[],"_links":{"self":[{"href":"https:\/\/tamiacademy.com\/en\/wp-json\/wp\/v2\/pages\/2012","targetHints":{"allow":["GET"]}}],"collection":[{"href":"https:\/\/tamiacademy.com\/en\/wp-json\/wp\/v2\/pages"}],"about":[{"href":"https:\/\/tamiacademy.com\/en\/wp-json\/wp\/v2\/types\/page"}],"author":[{"embeddable":true,"href":"https:\/\/tamiacademy.com\/en\/wp-json\/wp\/v2\/users\/1"}],"replies":[{"embeddable":true,"href":"https:\/\/tamiacademy.com\/en\/wp-json\/wp\/v2\/comments?post=2012"}],"version-history":[{"count":4,"href":"https:\/\/tamiacademy.com\/en\/wp-json\/wp\/v2\/pages\/2012\/revisions"}],"predecessor-version":[{"id":2017,"href":"https:\/\/tamiacademy.com\/en\/wp-json\/wp\/v2\/pages\/2012\/revisions\/2017"}],"wp:attachment":[{"href":"https:\/\/tamiacademy.com\/en\/wp-json\/wp\/v2\/media?parent=2012"}],"curies":[{"name":"wp","href":"https:\/\/api.w.org\/{rel}","templated":true}]}}