{"id":2,"date":"2026-01-12T10:20:12","date_gmt":"2026-01-12T10:20:12","guid":{"rendered":"http:\/\/tami.test\/?page_id=2"},"modified":"2026-02-19T21:46:34","modified_gmt":"2026-02-19T14:46:34","slug":"gioi-thieu-cong-ty","status":"publish","type":"page","link":"https:\/\/tamiacademy.com\/en\/gioi-thieu-cong-ty\/","title":{"rendered":"Gi\u1edbi thi\u1ec7u c\u00f4ng ty"},"content":{"rendered":"<div data-elementor-type=\"wp-page\" data-elementor-id=\"2\" class=\"elementor elementor-2\">\n\t\t\t\t\t\t<section class=\"elementor-section elementor-top-section elementor-element elementor-element-8d927ef page-about elementor-section-boxed elementor-section-height-default elementor-section-height-default\" data-id=\"8d927ef\" data-element_type=\"section\">\n\t\t\t\t\t\t<div class=\"elementor-container elementor-column-gap-default\">\n\t\t\t\t\t<div class=\"elementor-column elementor-col-100 elementor-top-column elementor-element elementor-element-af41dd5\" data-id=\"af41dd5\" data-element_type=\"column\">\n\t\t\t<div class=\"elementor-widget-wrap elementor-element-populated\">\n\t\t\t\t\t\t<div class=\"elementor-element elementor-element-7b81f2f elementor-widget elementor-widget-html\" data-id=\"7b81f2f\" data-element_type=\"widget\" data-widget_type=\"html.default\">\n\t\t\t\t<div class=\"elementor-widget-container\">\n\t\t\t\t\t<section id=\"values\" class=\"values-section\">\r\n    <div class=\"container\">\r\n      <div class=\"values-layout\">\r\n        <div class=\"values-image\">\r\n          <img decoding=\"async\" src=\"https:\/\/tamiacademy.com\/wp-content\/uploads\/2026\/02\/about-img-2.png\" alt=\"Core Values\">\r\n        <\/div>\r\n        <div class=\"values-content\">\r\n          <h2 class=\"section-title\">T\u1ea7m nh\u00ecn<\/h2>\r\n            <p class=\"methodology-desc\">\r\n              TAMI tr\u1edf th\u00e0nh c\u00f4ng ty ph\u00e1t tri\u1ec3n b\u1ec1n v\u1eefng, cung c\u1ea5p ch\u1ea5t l\u01b0\u1ee3ng cao v\u1ec1 \u0111\u00e0o t\u1ea1o ngh\u1ec1 C\u01a1 kh\u00ed-T\u1ef1 \u0111\u1ed9ng h\u00f3a-C\u00f4ng ngh\u1ec7. Tr\u1edf th\u00e0nh \u0111i\u1ec3m t\u1ef1a v\u1eefng ch\u1eafc, tin c\u1eady cho ngu\u1ed3n nh\u00e2n l\u1ef1c v\u00e0 c\u00e1c doanh  nghi\u1ec7p s\u1ed1 1 t\u1ea1i Vi\u1ec7t Nam, trong khu v\u1ef1c v\u00e0 v\u01b0\u01a1n ra Th\u1ebf gi\u1edbi.\r\n            <\/p>\r\n        <\/div>\r\n      <\/div>\r\n    <\/div>\r\n  <\/section>\r\n  \r\n<section id=\"mission\" class=\"mission-section\">\r\n    <div class=\"container\">\r\n      <div class=\"values-layout\">\r\n        <div class=\"methodology-info\">\r\n          <div class=\"methodology-info-top\">\r\n            <h2 class=\"section-title\">S\u1ee9 m\u1ec7nh<\/h2>\r\n            <p class=\"methodology-desc\">\r\n              TAMI t\u1eadp trung \u0111\u00e0o t\u1ea1o ch\u1ea5t l\u01b0\u1ee3ng cao, \u1ee9ng d\u1ee5ng th\u1ef1c t\u1ebf v\u00e0 s\u00e1ng t\u1ea1o, \u0111\u00e1p \u1ee9ng nhu c\u1ea7u th\u1ef1c ti\u1ec5n v\u1ec1 nghi\u00ean c\u1ee9u ph\u00e1t tri\u1ec3n. Khai ph\u00f3ng ti\u1ec1m l\u1ef1c, n\u0103ng l\u1ef1c nh\u00e2n s\u1ef1 k\u1ef9 thu\u1eadt Vi\u1ec7t Nam.\r\n            <\/p>\r\n          <\/div>\r\n        <\/div>\r\n        <div class=\"values-image\">\r\n          <img decoding=\"async\" src=\"https:\/\/tamiacademy.com\/wp-content\/uploads\/2026\/02\/about-img-3.png\" alt=\"Vision\">\r\n        <\/div>\r\n      <\/div>\r\n    <\/div>\r\n  <\/section>\r\n\r\n<section id=\"core-values\" class=\"values-section\">\r\n    <div class=\"container\">\r\n      <div class=\"values-layout\">\r\n        <div class=\"values-image\">\r\n          <img decoding=\"async\" src=\"https:\/\/tamiacademy.com\/wp-content\/uploads\/2026\/02\/about-img-1.png\" alt=\"Core Values\">\r\n        <\/div>\r\n        <div class=\"values-content\">\r\n          <h2 class=\"section-title\">Gi\u00e1 tr\u1ecb c\u1ed1t l\u00f5i<\/h2>\r\n          <div class=\"values-list\">\r\n            <div class=\"value-item\">\r\n              <div class=\"value-icon-box\">\r\n                <div class=\"value-icon\">\r\n                  <img decoding=\"async\" src=\"\/images\/77747_1720.svg\" alt=\"Icon\">\r\n                <\/div>\r\n                <div class=\"circle\">\r\n                  <svg width=\"19\" height=\"19\" viewbox=\"0 0 19 19\" fill=\"none\" xmlns=\"http:\/\/www.w3.org\/2000\/svg\">\r\n                    <rect x=\"2.5\" y=\"2.5\" width=\"14\" height=\"14\" rx=\"7\" fill=\"white\" stroke=\"#FB685F\" stroke-width=\"5\" \/>\r\n                  <\/svg>\r\n                <\/div>\r\n                <div class=\"line\">\r\n                  <img decoding=\"async\" src=\"\/images\/horizontal-divider.png\"\/>\r\n                <\/div>\r\n              <\/div>\r\n              <div class=\"value-text\">\r\n                <div class=\"value-number\">01<\/div>\r\n                <h4>Ch\u1ea5t l\u01b0\u1ee3ng th\u1ef1c ti\u1ec5n<\/h4>\r\n                <p>M\u1ecdi ch\u01b0\u01a1ng tr\u00ecnh \u0111\u00e0o t\u1ea1o \u0111\u1ec1u b\u00e1m s\u00e1t nhu c\u1ea7u th\u1ef1c t\u1ebf c\u1ee7a nh\u00e0 m\u00e1y, gi\u00fap h\u1ecdc vi\u00ean l\u00e0m \u0111\u01b0\u1ee3c vi\u1ec7c v\u00e0 t\u1ea1o ra gi\u00e1 tr\u1ecb th\u1eadt.<\/p>\r\n              <\/div>\r\n            <\/div>\r\n            <div class=\"value-item\">\r\n              <div class=\"value-icon-box\">\r\n                <div class=\"value-icon\">\r\n                  <img decoding=\"async\" src=\"\/images\/77747_1731.svg\" alt=\"Icon\">\r\n                <\/div>\r\n                <div class=\"circle\">\r\n                  <svg width=\"19\" height=\"19\" viewbox=\"0 0 19 19\" fill=\"none\" xmlns=\"http:\/\/www.w3.org\/2000\/svg\">\r\n                    <rect x=\"2.5\" y=\"2.5\" width=\"14\" height=\"14\" rx=\"7\" fill=\"white\" stroke=\"#FB685F\" stroke-width=\"5\" \/>\r\n                  <\/svg>\r\n                <\/div>\r\n                <div class=\"line\">\r\n                  <img decoding=\"async\" src=\"\/images\/horizontal-divider.png\"\/>\r\n                <\/div>\r\n              <\/div>\r\n              <div class=\"value-text\">\r\n                <div class=\"value-number\">02<\/div>\r\n                <h4>Th\u1ef1c h\u00e0nh chuy\u00ean s\u00e2u<\/h4>\r\n                <p>\u01afu ti\u00ean h\u1ecdc qua tr\u1ea3i nghi\u1ec7m, b\u00e0i t\u1eadp v\u00e0 d\u1ef1 \u00e1n th\u1ef1c t\u1ebf \u0111\u1ec3 h\u1ecdc vi\u00ean hi\u1ec3u b\u1ea3n ch\u1ea5t v\u00e0 l\u00e0m ch\u1ee7 c\u00f4ng ngh\u1ec7.<\/p>\r\n              <\/div>\r\n            <\/div>\r\n            <div class=\"value-item\">\r\n              <div class=\"value-icon-box\">\r\n                <div class=\"value-icon\">\r\n                  <img decoding=\"async\" src=\"\/images\/77747_1749.svg\" alt=\"Icon\">\r\n                <\/div>\r\n                <div class=\"circle\">\r\n                  <svg width=\"19\" height=\"19\" viewbox=\"0 0 19 19\" fill=\"none\" xmlns=\"http:\/\/www.w3.org\/2000\/svg\">\r\n                    <rect x=\"2.5\" y=\"2.5\" width=\"14\" height=\"14\" rx=\"7\" fill=\"white\" stroke=\"#FB685F\" stroke-width=\"5\" \/>\r\n                  <\/svg>\r\n                <\/div>\r\n                <div class=\"line\">\r\n                  <img decoding=\"async\" src=\"\/images\/horizontal-divider.png\"\/>\r\n                <\/div>\r\n              <\/div>\r\n              <div class=\"value-text\">\r\n                <div class=\"value-number\">03<\/div>\r\n                <h4>\u0110\u1ed3ng h\u00e0nh ph\u00e1t tri\u1ec3n<\/h4>\r\n                <p>TAMI cam k\u1ebft \u0111\u1ed3ng h\u00e0nh c\u00f9ng h\u1ecdc vi\u00ean trong su\u1ed1t qu\u00e1 tr\u00ecnh h\u1ecdc t\u1eadp v\u00e0 ph\u00e1t tri\u1ec3n ngh\u1ec1 nghi\u1ec7p l\u00e2u d\u00e0i.<\/p>\r\n              <\/div>\r\n            <\/div>\r\n          <\/div>\r\n        <\/div>\r\n      <\/div>\r\n    <\/div>\r\n  <\/section>\r\n  \r\n<section id=\"methodology\" class=\"methodology-section\">\r\n    <div class=\"container\">\r\n      <div class=\"methodology-layout\">\r\n        <div class=\"methodology-features\">\r\n          <div class=\"feature-item\">\r\n            <div class=\"feature-icon\">\r\n              <img decoding=\"async\" src=\"\/images\/77744_1621.svg\" alt=\"Icon\">\r\n            <\/div>\r\n            <div class=\"feature-text\">\r\n              <h4>Ch\u1ea5t l\u01b0\u1ee3ng l\u00e0m c\u1ed1t l\u00f5i<\/h4>\r\n              <p>Cam k\u1ebft n\u1ed9i dung \u0111\u00e0o t\u1ea1o b\u00e0i b\u1ea3n, chuy\u00ean s\u00e2u, b\u00e1m s\u00e1t ti\u00eau chu\u1ea9n v\u00e0 y\u00eau c\u1ea7u th\u1ef1c t\u1ebf c\u1ee7a nh\u00e0 m\u00e1y<\/p>\r\n            <\/div>\r\n          <\/div>\r\n          <div class=\"feature-item\">\r\n            <div class=\"feature-icon\">\r\n              <img decoding=\"async\" src=\"\/images\/77744_1650.svg\" alt=\"Icon\">\r\n            <\/div>\r\n            <div class=\"feature-text\">\r\n              <h4>Th\u1ef1c h\u00e0nh l\u00e0m tr\u1ecdng t\u00e2m<\/h4>\r\n              <p>L\u1ea5y b\u00e0i t\u1eadp, m\u00f4 h\u00ecnh v\u00e0 d\u1ef1 \u00e1n th\u1ef1c t\u1ebf l\u00e0m trung t\u00e2m, gi\u00fap h\u1ecdc vi\u00ean h\u1ecdc \u0111\u1ec3 l\u00e0m \u0111\u01b0\u1ee3c vi\u1ec7c<\/p>\r\n            <\/div>\r\n          <\/div>\r\n          <div class=\"feature-item\">\r\n            <div class=\"feature-icon\">\r\n              <img decoding=\"async\" src=\"\/images\/77744_1664.svg\" alt=\"Icon\">\r\n            <\/div>\r\n            <div class=\"feature-text\">\r\n              <h4>H\u1ecdc vi\u00ean l\u00e0m trung t\u00e2m<\/h4>\r\n              <p>C\u00e1 nh\u00e2n h\u00f3a l\u1ed9 tr\u00ecnh h\u1ecdc t\u1eadp, \u0111\u1ed3ng h\u00e0nh v\u00e0 h\u1ed7 tr\u1ee3 h\u1ecdc vi\u00ean trong su\u1ed1t qu\u00e1 tr\u00ecnh ph\u00e1t tri\u1ec3n n\u0103ng l\u1ef1c<\/p>\r\n            <\/div>\r\n          <\/div>\r\n          <div class=\"feature-item\">\r\n            <div class=\"feature-icon\">\r\n              <img decoding=\"async\" src=\"\/images\/77744_1680.svg\" alt=\"Icon\">\r\n            <\/div>\r\n            <div class=\"feature-text\">\r\n              <h4>T\u01b0 duy b\u1ec1n v\u1eefng<\/h4>\r\n              <p>Trang b\u1ecb n\u1ec1n t\u1ea3ng t\u01b0 duy k\u1ef9 thu\u1eadt v\u00e0 kh\u1ea3 n\u0103ng t\u1ef1 h\u1ecdc, s\u1eb5n s\u00e0ng th\u00edch nghi v\u1edbi s\u1ef1 thay \u0111\u1ed5i c\u1ee7a c\u00f4ng ngh\u1ec7<\/p>\r\n            <\/div>\r\n          <\/div>\r\n        <\/div>\r\n        <div class=\"methodology-info\">\r\n          <div class=\"methodology-info-top\">\r\n            <h2 class=\"section-title\">Th\u00f4ng \u0111i\u1ec7p h\u00e0nh \u0111\u1ed9ng<\/h2>\r\n            <p class=\"methodology-desc\">\r\n              TAMI l\u00e0 c\u00f4ng ty K\u1ef9 thu\u1eadt v\u00e0 C\u00f4ng ngh\u1ec7, t\u00ednh t\u1eadp trung cao. \u0110\u00f3ng vai tr\u00f2 l\u00e0 m\u1ed9t \u0111i\u1ec3m k\u1ebft n\u1ed1i,chuy\u1ec3n ti\u1ebfp quan tr\u1ecdng gi\u1eefa K\u1ef9 thu\u1eadt c\u00f4ng ngh\u1ec7 hi\u1ec7n \u0111\u1ea1i v\u00e0 \u1ee8ng d\u1ee5ng v\u00e0o th\u1ef1c t\u1ebf. L\u00e0 \u0111i\u1ec3m t\u1ef1a v\u1eefng ch\u1eafc v\u00e0 tin c\u1eady cho nh\u00e2n l\u1ef1c ch\u1ea5t l\u01b0\u1ee3ng cao, doanh nghi\u1ec7p g\u00f3p ph\u1ea7n t\u1ea1o gi\u00e1 tr\u1ecb cho x\u00e3 h\u1ed9i. T\u1ea1o ra nh\u1eefng \u1ea3nh h\u01b0\u1edfng mang t\u00ednh \u0111\u1ed9t ph\u00e1 v\u1ec1 K\u1ef9 thu\u1eadt-C\u00f4ng ngh\u1ec7 \u1ee9ng d\u1ee5ng.\r\n            <\/p>\r\n          <\/div>\r\n          <div class=\"decorative-line\">\r\n            <img decoding=\"async\" src=\"\/images\/a6bd667ca478df64c58d15876f5755750cb1fc00.png\" alt=\"Decorative Line\">\r\n          <\/div>\r\n        <\/div>\r\n      <\/div>\r\n    <\/div>\r\n  <\/section>\r\n  \r\n<!--\r\n<section id=\"team\" class=\"team-section\">\r\n    <div class=\"container\">\r\n      <div class=\"team-header\">\r\n        <h2 class=\"section-title\">\u0110\u1ed9i Ng\u0169 C\u1ee7a Ch\u00fang T\u00f4i<\/h2>\r\n        <p class=\"team-subtitle\">V\u1edbi kinh nghi\u1ec7m \u0111a d\u1ea1ng \u0111\u01b0\u1ee3c t\u00edch l\u0169y qua nhi\u1ec1u d\u1ef1 \u00e1n th\u1ef1c t\u1ebf c\u1ea3 trong v\u00e0 ngo\u00e0i n\u01b0\u1edbc, \u0111\u1ed9i ng\u0169 c\u00e1n b\u1ed9 gi\u1ea3ng vi\u00ean c\u1ee7a TAMI<br> t\u1ef1 tin tr\u1edf th\u00e0nh nh\u1eefng ng\u01b0\u1eddi \u0111\u1ed3ng h\u00e0nh \u0111\u00e1ng tin c\u1eady tr\u00ean h\u00e0nh tr\u00ecnh ph\u00e1t tri\u1ec3n ngh\u1ec1 nghi\u1ec7p c\u1ee7a c\u00e1c h\u1ecdc vi\u00ean.<\/p>\r\n      <\/div>\r\n      <div class=\"owl-carousel\">\r\n        <div class=\"team-card\">\r\n          <div class=\"team-img-wrapper\">\r\n            <img decoding=\"async\" src=\"https:\/\/tamiacademy.com\/wp-content\/uploads\/2026\/02\/member-img-01.png\" alt=\"B\u00f9i Thanh K\u1ebf\">\r\n          <\/div>\r\n          <div class=\"team-info\">\r\n            <h4>B\u00f9i Thanh K\u1ebf<\/h4>\r\n            <p>K\u1ef8 S\u01af \u0110I\u1ec6N<\/p>\r\n          <\/div>\r\n        <\/div>\r\n        <div class=\"team-card\">\r\n          <div class=\"team-img-wrapper\">\r\n            <img decoding=\"async\" src=\"https:\/\/tamiacademy.com\/wp-content\/uploads\/2026\/02\/member-img-02.png\"\r\n            alt=\"\u0110\u00e0m Quang M\u1ea1nh\">\r\n          <\/div>\r\n          <div class=\"team-info\">\r\n            <h4>\u0110\u00e0m Quang M\u1ea1nh<\/h4>\r\n            <p>C\u1ed0 V\u1ea4N<\/p>\r\n          <\/div>\r\n        <\/div>\r\n        <div class=\"team-card\">\r\n          <div class=\"team-img-wrapper\">\r\n            <img decoding=\"async\" src=\"https:\/\/tamiacademy.com\/wp-content\/uploads\/2026\/02\/member-img-03.png\" alt=\"D\u01b0\u01a1ng V\u0103n Tr\u1ecdng\">\r\n          <\/div>\r\n          <div class=\"team-info\">\r\n            <h4>D\u01b0\u01a1ng V\u0103n Tr\u1ecdng<\/h4>\r\n            <p>K\u1ef8 S\u01af X\u1eec L\u00dd \u1ea2NH<\/p>\r\n          <\/div>\r\n        <\/div>\r\n        <div class=\"team-card\">\r\n          <div class=\"team-img-wrapper\">\r\n            <img decoding=\"async\" src=\"https:\/\/tamiacademy.com\/wp-content\/uploads\/2026\/02\/member-img-04.png\" alt=\"Ng\u00f4 V\u0103n \u0110\u1ecbnh\">\r\n          <\/div>\r\n          <div class=\"team-info\">\r\n            <h4>Ng\u00f4 V\u0103n \u0110\u1ecbnh<\/h4>\r\n            <p>C\u1ed0 V\u1ea4N<\/p>\r\n          <\/div>\r\n        <\/div>\r\n        <div class=\"team-card\">\r\n          <div class=\"team-img-wrapper\">\r\n            <img decoding=\"async\" src=\"https:\/\/tamiacademy.com\/wp-content\/uploads\/2026\/02\/member-img-05.png\" alt=\"\u0110inh \u0110\u1ee9c Hi\u1ebfu\">\r\n          <\/div>\r\n          <div class=\"team-info\">\r\n            <h4>\u0110inh \u0110\u1ee9c Hi\u1ebfu<\/h4>\r\n            <p>K\u1ef8 S\u01af \u0110I\u1ec6N<\/p>\r\n          <\/div>\r\n        <\/div>\r\n        <div class=\"team-card\">\r\n          <div class=\"team-img-wrapper\">\r\n            <img decoding=\"async\" src=\"https:\/\/tamiacademy.com\/wp-content\/uploads\/2026\/02\/member-img-06.png\" alt=\"Tr\u1ea7n V\u0103n Th\u1eafng\">\r\n          <\/div>\r\n          <div class=\"team-info\">\r\n            <h4>Tr\u1ea7n V\u0103n Th\u1eafng<\/h4>\r\n            <p>K\u1ef8 S\u01af C\u01a0 KH\u00cd<\/p>\r\n          <\/div>\r\n        <\/div>\r\n      <\/div>\r\n    <\/div>\r\n  <\/section>\r\n  -->\r\n\r\n<section id=\"partners\" class=\"partners-section\">\r\n    <div class=\"container\">\r\n        <div class=\"team-header\">\r\n        <h2 class=\"section-title\">Kh\u00e1ch H\u00e0ng C\u1ee7a Ch\u00fang T\u00f4i<\/h2>\r\n        <\/div>\r\n      <div class=\"partners-grid\">\r\n        <div class=\"partner-card\"><img decoding=\"async\" src=\"https:\/\/tamiacademy.com\/wp-content\/uploads\/2026\/02\/partner-2-8.png\" alt=\"Partner Logo\"><\/div>\r\n        <div class=\"partner-card\"><img decoding=\"async\" src=\"https:\/\/tamiacademy.com\/wp-content\/uploads\/2026\/02\/partner-2-7.png\" alt=\"Partner Logo\"><\/div>\r\n        <div class=\"partner-card\"><img decoding=\"async\" src=\"https:\/\/tamiacademy.com\/wp-content\/uploads\/2026\/02\/partner-2-6.png\" alt=\"Partner Logo\"><\/div>\r\n        <div class=\"partner-card\"><img decoding=\"async\" src=\"https:\/\/tamiacademy.com\/wp-content\/uploads\/2026\/02\/partner-2-5.png\" alt=\"Partner Logo\"><\/div>\r\n        <div class=\"partner-card\"><img decoding=\"async\" src=\"https:\/\/tamiacademy.com\/wp-content\/uploads\/2026\/02\/partner-2-4.png\" alt=\"Partner Logo\"><\/div>\r\n        <div class=\"partner-card\"><img decoding=\"async\" src=\"https:\/\/tamiacademy.com\/wp-content\/uploads\/2026\/02\/partner-2-3.png\" alt=\"Partner Logo\"><\/div>\r\n        <div class=\"partner-card\"><img decoding=\"async\" src=\"https:\/\/tamiacademy.com\/wp-content\/uploads\/2026\/02\/partner-2-2.png\" alt=\"Partner Logo\"><\/div>\r\n        <div class=\"partner-card\"><img decoding=\"async\" src=\"https:\/\/tamiacademy.com\/wp-content\/uploads\/2026\/02\/partner-2-1.png\" alt=\"Partner Logo\"><\/div>\r\n      <\/div>\r\n    <\/div>\r\n  <\/section>\r\n\r\n<section id=\"cta\" class=\"cta-section\">\r\n    <div class=\"container\">\r\n      <div class=\"cta-content\">\r\n        <h2 class=\"section-title\">Li\u00ean H\u1ec7 V\u1edbi Ch\u00fang T\u00f4i<\/h2>\r\n        <p class=\"cta-desc\">\u0110\u1ec3 c\u00f9ng kh\u00e1m ph\u00e1 l\u1ed9 tr\u00ecnh h\u1ecdc t\u1eadp ph\u00f9 h\u1ee3p<br>\r\ngi\u00fap b\u1ea1n l\u00e0m ch\u1ee7 c\u00f4ng ngh\u1ec7 v\u00e0 chu\u1ea9n b\u1ecb s\u1eb5n s\u00e0ng cho m\u1ed9t h\u00e0nh tr\u00ecnh r\u1ed9ng m\u1edf.<\/p>\r\n        <a href=\"\/en\/lien-he\/\" class=\"btn-primary\">\r\n          Li\u00ean h\u1ec7 ngay\r\n          <img decoding=\"async\" src=\"\/images\/I77755_1474_5707_8318_812_7344.svg\" alt=\"Arrow\">\r\n        <\/a>\r\n      <\/div>\r\n    <\/div>\r\n  <\/section>\r\n  \r\n<!--\r\n<section id=\"stats\" class=\"stats-section\">\r\n    <div class=\"container\">\r\n      <div class=\"stats-grid\">\r\n        <div class=\"stat-item\">\r\n          <div class=\"stat-icon\">\r\n            <img decoding=\"async\" src=\"\/images\/77747_1806.svg\" alt=\"Icon\">\r\n          <\/div>\r\n          <div class=\"stat-info\">\r\n            <div class=\"stat-number\">20<\/div>\r\n            <div class=\"stat-label\">Trusted Clients<\/div>\r\n          <\/div>\r\n        <\/div>\r\n        <div class=\"stat-divider\"><\/div>\r\n        <div class=\"stat-item\">\r\n          <div class=\"stat-icon\">\r\n            <img decoding=\"async\" src=\"\/images\/77747_1821.svg\" alt=\"Icon\">\r\n          <\/div>\r\n          <div class=\"stat-info\">\r\n            <div class=\"stat-number\">100<\/div>\r\n            <div class=\"stat-label\">Project Completed<\/div>\r\n          <\/div>\r\n        <\/div>\r\n        <div class=\"stat-divider\"><\/div>\r\n        <div class=\"stat-item\">\r\n          <div class=\"stat-icon\">\r\n            <img decoding=\"async\" src=\"\/images\/77747_1842.svg\" alt=\"Icon\">\r\n          <\/div>\r\n          <div class=\"stat-info\">\r\n            <div class=\"stat-number\">5<\/div>\r\n            <div class=\"stat-label\">Business Awards<\/div>\r\n          <\/div>\r\n        <\/div>\r\n      <\/div>\r\n    <\/div>\r\n  <\/section>\r\n  -->\r\n\r\n\r\n  \t\t\t\t<\/div>\n\t\t\t\t<\/div>\n\t\t\t\t\t<\/div>\n\t\t<\/div>\n\t\t\t\t\t<\/div>\n\t\t<\/section>\n\t\t\t\t<\/div>","protected":false},"excerpt":{"rendered":"<p>T\u1ea7m nh\u00ecn TAMI tr\u1edf th\u00e0nh c\u00f4ng ty ph\u00e1t tri\u1ec3n b\u1ec1n v\u1eefng, cung c\u1ea5p ch\u1ea5t l\u01b0\u1ee3ng cao v\u1ec1 \u0111\u00e0o t\u1ea1o ngh\u1ec1 C\u01a1 kh\u00ed-T\u1ef1 \u0111\u1ed9ng h\u00f3a-C\u00f4ng ngh\u1ec7. Tr\u1edf th\u00e0nh \u0111i\u1ec3m t\u1ef1a v\u1eefng ch\u1eafc, tin c\u1eady cho ngu\u1ed3n nh\u00e2n l\u1ef1c v\u00e0 c\u00e1c doanh nghi\u1ec7p s\u1ed1 1 t\u1ea1i Vi\u1ec7t Nam, trong khu v\u1ef1c v\u00e0 v\u01b0\u01a1n ra Th\u1ebf gi\u1edbi. S\u1ee9 [&hellip;]<\/p>","protected":false},"author":1,"featured_media":0,"parent":0,"menu_order":0,"comment_status":"closed","ping_status":"closed","template":"","meta":{"_acf_changed":false,"footnotes":""},"class_list":["post-2","page","type-page","status-publish","hentry"],"acf":[],"_links":{"self":[{"href":"https:\/\/tamiacademy.com\/en\/wp-json\/wp\/v2\/pages\/2","targetHints":{"allow":["GET"]}}],"collection":[{"href":"https:\/\/tamiacademy.com\/en\/wp-json\/wp\/v2\/pages"}],"about":[{"href":"https:\/\/tamiacademy.com\/en\/wp-json\/wp\/v2\/types\/page"}],"author":[{"embeddable":true,"href":"https:\/\/tamiacademy.com\/en\/wp-json\/wp\/v2\/users\/1"}],"replies":[{"embeddable":true,"href":"https:\/\/tamiacademy.com\/en\/wp-json\/wp\/v2\/comments?post=2"}],"version-history":[{"count":0,"href":"https:\/\/tamiacademy.com\/en\/wp-json\/wp\/v2\/pages\/2\/revisions"}],"wp:attachment":[{"href":"https:\/\/tamiacademy.com\/en\/wp-json\/wp\/v2\/media?parent=2"}],"curies":[{"name":"wp","href":"https:\/\/api.w.org\/{rel}","templated":true}]}}