{"id":1715,"date":"2026-02-19T18:47:17","date_gmt":"2026-02-19T11:47:17","guid":{"rendered":"https:\/\/tamiacademy.com\/?page_id=1715"},"modified":"2026-02-28T04:06:22","modified_gmt":"2026-02-27T21:06:22","slug":"chuyen-gia-giang-vien","status":"publish","type":"page","link":"https:\/\/tamiacademy.com\/en\/chuyen-gia-giang-vien\/","title":{"rendered":"Chuy\u00ean gia\/Gi\u1ea3ng vi\u00ean"},"content":{"rendered":"<div data-elementor-type=\"wp-page\" data-elementor-id=\"1715\" class=\"elementor elementor-1715\">\n\t\t\t\t\t\t<section class=\"elementor-section elementor-top-section elementor-element elementor-element-8d927ef page-about elementor-section-boxed elementor-section-height-default elementor-section-height-default\" data-id=\"8d927ef\" data-element_type=\"section\">\n\t\t\t\t\t\t<div class=\"elementor-container elementor-column-gap-default\">\n\t\t\t\t\t<div class=\"elementor-column elementor-col-100 elementor-top-column elementor-element elementor-element-af41dd5\" data-id=\"af41dd5\" data-element_type=\"column\">\n\t\t\t<div class=\"elementor-widget-wrap elementor-element-populated\">\n\t\t\t\t\t\t<div class=\"elementor-element elementor-element-7b81f2f elementor-widget elementor-widget-html\" data-id=\"7b81f2f\" data-element_type=\"widget\" data-widget_type=\"html.default\">\n\t\t\t\t<div class=\"elementor-widget-container\">\n\t\t\t\t\t<section id=\"team\" class=\"team-section\">\r\n    <div class=\"container\">\r\n      <div class=\"team-header\">\r\n        <h2 class=\"section-title\">\u0110\u1ed9i Ng\u0169 C\u1ee7a Ch\u00fang T\u00f4i<\/h2>\r\n        <p class=\"team-subtitle\">V\u1edbi kinh nghi\u1ec7m \u0111a d\u1ea1ng \u0111\u01b0\u1ee3c t\u00edch l\u0169y qua nhi\u1ec1u d\u1ef1 \u00e1n th\u1ef1c t\u1ebf c\u1ea3 trong v\u00e0 ngo\u00e0i n\u01b0\u1edbc, \u0111\u1ed9i ng\u0169 c\u00e1n b\u1ed9 gi\u1ea3ng vi\u00ean c\u1ee7a TAMI<br> t\u1ef1 tin tr\u1edf th\u00e0nh nh\u1eefng ng\u01b0\u1eddi \u0111\u1ed3ng h\u00e0nh \u0111\u00e1ng tin c\u1eady tr\u00ean h\u00e0nh tr\u00ecnh ph\u00e1t tri\u1ec3n ngh\u1ec1 nghi\u1ec7p c\u1ee7a c\u00e1c h\u1ecdc vi\u00ean.<\/p>\r\n      <\/div>\r\n    <\/div>\r\n  <\/section>\r\n  \r\n<section id=\"member-1\" class=\"values-section\">\r\n    <div class=\"container\">\r\n      <div class=\"values-layout\">\r\n        <div class=\"values-image\">\r\n          <img decoding=\"async\" src=\"https:\/\/tamiacademy.com\/wp-content\/uploads\/2026\/02\/team_0228-1.webp\" alt=\"Gi\u1ea3ng vi\u00ean\">\r\n        <\/div>\r\n        <div class=\"methodology-info\">\r\n          <h2 class=\"section-title\">B\u00f9i Thanh K\u1ebf<\/h2>\r\n          <h3>Automation Engineer | Business Builder<\/h3>\r\n            <p class=\"methodology-desc\">\r\n              H\u01a1n 12 n\u0103m h\u1ecdc t\u1eadp v\u00e0 l\u00e0m vi\u1ec7c t\u1ea1i Vi\u1ec7t Nam trong l\u0129nh v\u1ef1c T\u1ef1 \u0111\u1ed9ng h\u00f3a (C\u01a1 kh\u00ed \u2013 \u0110i\u1ec7n \u2013 L\u1eadp tr\u00ecnh \u2013 IoT).\r\nTr\u1ef1c ti\u1ebfp x\u00e2y d\u1ef1ng v\u00e0 \u0111i\u1ec1u h\u00e0nh doanh nghi\u1ec7p t\u1ea1i Vi\u1ec7t Nam.\r\nTri\u1ec3n khai h\u00e0ng tr\u0103m d\u1ef1 \u00e1n th\u00e0nh c\u00f4ng cho th\u1ecb tr\u01b0\u1eddng trong v\u00e0 ngo\u00e0i n\u01b0\u1edbc.\r\n            <\/p>\r\n        <\/div>\r\n      <\/div>\r\n    <\/div>\r\n  <\/section>\r\n  \r\n<section id=\"member-2\" class=\"values-section\">\r\n    <div class=\"container\">\r\n      <div class=\"values-layout\">\r\n        <div class=\"methodology-info\">\r\n          <div class=\"methodology-info-top\">\r\n            <h2 class=\"section-title\">\u0110\u00e0m Quang M\u1ea1nh<\/h2>\r\n            <h3>Automation Engineer | Japan-trained | Business Builder<\/h3>\r\n            <p class=\"methodology-desc\">\r\n              H\u01a1n 12 n\u0103m h\u1ecdc t\u1eadp v\u00e0 l\u00e0m vi\u1ec7c t\u1ea1i Nh\u1eadt B\u1ea3n trong l\u0129nh v\u1ef1c T\u1ef1 \u0111\u1ed9ng h\u00f3a (C\u01a1 kh\u00ed \u2013 \u0110i\u1ec7n \u2013 L\u1eadp tr\u00ecnh \u2013 IoT).\r\n                T\u1eebng \u0111i\u1ec1u h\u00e0nh doanh nghi\u1ec7p Nh\u1eadt t\u1ea1i Vi\u1ec7t Nam, tr\u1ef1c ti\u1ebfp x\u00e2y d\u1ef1ng v\u00e0 ph\u00e1t tri\u1ec3n c\u00f4ng ty t\u1eeb con s\u1ed1 0 \u0111\u1ebfn v\u1eadn h\u00e0nh \u1ed5n \u0111\u1ecbnh.\r\n                D\u1eabn d\u1eaft v\u00e0 tri\u1ec3n khai nhi\u1ec1u d\u1ef1 \u00e1n t\u1ef1 \u0111\u1ed9ng h\u00f3a quy m\u00f4 l\u1edbn, d\u1ef1 \u00e1n cao nh\u1ea5t tr\u00ean 200 t\u1ef7 \u0111\u1ed3ng.\r\n            <\/p>\r\n          <\/div>\r\n        <\/div>\r\n        <div class=\"values-image\">\r\n          <img decoding=\"async\" src=\"https:\/\/tamiacademy.com\/wp-content\/uploads\/2026\/02\/team_0228-2.webp\" alt=\"Gi\u1ea3ng vi\u00ean\">\r\n        <\/div>\r\n      <\/div>\r\n    <\/div>\r\n  <\/section>\r\n  \r\n<section id=\"member-3\" class=\"values-section\">\r\n    <div class=\"container\">\r\n      <div class=\"values-layout\">\r\n        <div class=\"values-image\">\r\n          <img decoding=\"async\" src=\"https:\/\/tamiacademy.com\/wp-content\/uploads\/2026\/02\/team_0228-3.webp\" alt=\"Gi\u1ea3ng vi\u00ean\">\r\n        <\/div>\r\n        <div class=\"methodology-info\">\r\n          <h2 class=\"section-title\">Ng\u00f4 V\u0103n \u0110\u1ecbnh<\/h2>\r\n          <h3>Automation Engineer | Business Builder<\/h3>\r\n            <p class=\"methodology-desc\">\r\n              H\u01a1n 12 n\u0103m h\u1ecdc t\u1eadp v\u00e0 l\u00e0m vi\u1ec7c t\u1ea1i Vi\u1ec7t Nam trong l\u0129nh v\u1ef1c T\u1ef1 \u0111\u1ed9ng h\u00f3a (C\u01a1 kh\u00ed \u2013 \u0110i\u1ec7n \u2013 L\u1eadp tr\u00ecnh \u2013 IoT).\r\nTr\u1ef1c ti\u1ebfp x\u00e2y d\u1ef1ng v\u00e0 \u0111i\u1ec1u h\u00e0nh doanh nghi\u1ec7p t\u1ea1i Vi\u1ec7t Nam.\r\nL\u00e0 chuy\u00ean gia trong l\u0129nh v\u1ef1c kinh doanh v\u00e0 ph\u00e1t tri\u1ec3n m\u1ea1ng l\u01b0\u1edbi kh\u00e1ch h\u00e0ng, \u0111\u1ed1i t\u00e1c.\r\n            <\/p>\r\n        <\/div>\r\n      <\/div>\r\n    <\/div>\r\n  <\/section>\r\n  \r\n<section id=\"member-4\" class=\"values-section\">\r\n    <div class=\"container\">\r\n      <div class=\"values-layout\">\r\n        <div class=\"methodology-info\">\r\n          <div class=\"methodology-info-top\">\r\n            <h2 class=\"section-title\">D\u01b0\u01a1ng V\u0103n Tr\u1ecdng<\/h2>\r\n            <h3>Senior Machine Vision Engineer | Mechatronics<\/h3>\r\n            <p class=\"methodology-desc\">\r\n              H\u01a1n 8 n\u0103m kinh nghi\u1ec7m trong l\u0129nh v\u1ef1c T\u1ef1 \u0111\u1ed9ng h\u00f3a (\u0110i\u1ec7n \u2013 L\u1eadp tr\u00ecnh).\r\nV\u1edbi h\u01a1n 6 n\u0103m kinh nghi\u1ec7m trong m\u1ea3ng Machine Vision.\r\nX\u00e2y d\u1ef1ng, tri\u1ec3n khai v\u00e0 qu\u1ea3n l\u00fd nhi\u1ec1u d\u1ef1 \u00e1n cho th\u1ecb tr\u01b0\u1eddng trong v\u00e0 ngo\u00e0i n\u01b0\u1edbc.\r\n            <\/p>\r\n          <\/div>\r\n        <\/div>\r\n        <div class=\"values-image\">\r\n          <img decoding=\"async\" src=\"https:\/\/tamiacademy.com\/wp-content\/uploads\/2026\/02\/team_0228-4.webp\" alt=\"Gi\u1ea3ng vi\u00ean\">\r\n        <\/div>\r\n      <\/div>\r\n    <\/div>\r\n  <\/section>\r\n  \r\n<section id=\"member-5\" class=\"values-section\">\r\n    <div class=\"container\">\r\n      <div class=\"values-layout\">\r\n        <div class=\"values-image\">\r\n          <img src=\"https:\/\/tamiacademy.com\/wp-content\/uploads\/2026\/02\/team_0228-5.webp\" alt=\"Gi\u1ea3ng vi\u00ean\">\r\n        <\/div>\r\n        <div class=\"methodology-info\">\r\n          <h2 class=\"section-title\">\u0110inh \u0110\u1ee9c Hi\u1ebfu<\/h2>\r\n          <h3>Senior Electrical Engineer | Automation<\/h3>\r\n            <p class=\"methodology-desc\">\r\n              H\u01a1n 7 n\u0103m kinh nghi\u1ec7m trong l\u0129nh v\u1ef1c T\u1ef1 \u0111\u1ed9ng h\u00f3a (\u0110i\u1ec7n \u2013 L\u1eadp tr\u00ecnh).\r\nL\u00e0 chuy\u00ean gia thi\u1ebft k\u1ebf \u0111i\u1ec7n v\u00e0 l\u1eadp tr\u00ecnh \u0111i\u1ec1u khi\u1ec3n h\u1ec7 th\u1ed1ng.\r\nC\u00f3 kinh nghi\u1ec7m l\u00e0m vi\u1ec7c v\u1edbi nhi\u1ec1u \u0111\u1ed1i t\u00e1c trong v\u00e0 ngo\u00e0i n\u01b0\u1edbc.\r\n            <\/p>\r\n        <\/div>\r\n      <\/div>\r\n    <\/div>\r\n  <\/section>\r\n  \r\n<section id=\"member-6\" class=\"values-section\">\r\n    <div class=\"container\">\r\n      <div class=\"values-layout\">\r\n        <div class=\"methodology-info\">\r\n          <div class=\"methodology-info-top\">\r\n            <h2 class=\"section-title\">Tr\u1ea7n V\u0103n Th\u1eafng<\/h2>\r\n            <h3>Senior Mechanical Engineer | Automation<\/h3>\r\n            <p class=\"methodology-desc\">\r\n              H\u01a1n 9 n\u0103m kinh nghi\u1ec7m trong l\u0129nh v\u1ef1c T\u1ef1 \u0111\u1ed9ng h\u00f3a (C\u01a1 kh\u00ed \u2013 \u0110i\u1ec7n).\r\nL\u00e0 chuy\u00ean gia x\u00e2y d\u1ef1ng gi\u1ea3i ph\u00e1p, c\u1ea3i ti\u1ebfn d\u00e2y chuy\u1ec1n v\u00e0 thi\u1ebft k\u1ebf c\u00e1c h\u1ec7 th\u1ed1ng m\u00e1y t\u1ef1 \u0111\u1ed9ng cho nhi\u1ec1u ng\u00e0nh c\u00f4ng nghi\u1ec7p.\r\n            <\/p>\r\n          <\/div>\r\n        <\/div>\r\n        <div class=\"values-image\">\r\n          <img decoding=\"async\" src=\"https:\/\/tamiacademy.com\/wp-content\/uploads\/2026\/02\/team_0228-6.webp\" alt=\"Gi\u1ea3ng vi\u00ean\">\r\n        <\/div>\r\n      <\/div>\r\n    <\/div>\r\n  <\/section>\r\n  \r\n<section id=\"member-7\" class=\"values-section\">\r\n    <div class=\"container\">\r\n      <div class=\"values-layout\">\r\n        <div class=\"values-image\">\r\n          <img decoding=\"async\" src=\"https:\/\/tamiacademy.com\/wp-content\/uploads\/2026\/02\/team_0228-7.webp\" alt=\"Gi\u1ea3ng vi\u00ean\">\r\n        <\/div>\r\n        <div class=\"methodology-info\">\r\n          <h2 class=\"section-title\">B\u00f9i V\u0103n Ho\u00e0ng<\/h2>\r\n          <h3>Senior Mechanical Engineer | Automation<\/h3>\r\n            <p class=\"methodology-desc\">\r\n              H\u01a1n 9 n\u0103m kinh nghi\u1ec7m trong l\u0129nh v\u1ef1c T\u1ef1 \u0111\u1ed9ng h\u00f3a (C\u01a1 kh\u00ed \u2013 \u0110i\u1ec7n).\r\nL\u00e0 chuy\u00ean gia x\u00e2y d\u1ef1ng gi\u1ea3i ph\u00e1p, c\u1ea3i ti\u1ebfn d\u00e2y chuy\u1ec1n v\u00e0 thi\u1ebft k\u1ebf c\u00e1c h\u1ec7 th\u1ed1ng m\u00e1y t\u1ef1 \u0111\u1ed9ng cho nhi\u1ec1u ng\u00e0nh c\u00f4ng nghi\u1ec7p.\r\n            <\/p>\r\n        <\/div>\r\n      <\/div>\r\n    <\/div>\r\n  <\/section>\r\n  \r\n<section id=\"cta\" class=\"cta-section\">\r\n    <div class=\"container\">\r\n      <div class=\"cta-content\">\r\n        <h2 class=\"section-title\">Li\u00ean H\u1ec7 V\u1edbi Ch\u00fang T\u00f4i<\/h2>\r\n        <p class=\"cta-desc\">\u0110\u1ec3 c\u00f9ng kh\u00e1m ph\u00e1 l\u1ed9 tr\u00ecnh h\u1ecdc t\u1eadp ph\u00f9 h\u1ee3p<br>\r\ngi\u00fap b\u1ea1n l\u00e0m ch\u1ee7 c\u00f4ng ngh\u1ec7 v\u00e0 chu\u1ea9n b\u1ecb s\u1eb5n s\u00e0ng cho m\u1ed9t h\u00e0nh tr\u00ecnh r\u1ed9ng m\u1edf.<\/p>\r\n        <a href=\"\/en\/lien-he\/\" class=\"btn-primary\">\r\n          Li\u00ean h\u1ec7 ngay\r\n          <img decoding=\"async\" src=\"\/images\/I77755_1474_5707_8318_812_7344.svg\" alt=\"Arrow\">\r\n        <\/a>\r\n      <\/div>\r\n    <\/div>\r\n  <\/section>\r\n  \r\n\r\n<!--\r\n<section id=\"stats\" class=\"stats-section\">\r\n    <div class=\"container\">\r\n      <div class=\"stats-grid\">\r\n        <div class=\"stat-item\">\r\n          <div class=\"stat-icon\">\r\n            <img decoding=\"async\" src=\"\/images\/77747_1806.svg\" alt=\"Icon\">\r\n          <\/div>\r\n          <div class=\"stat-info\">\r\n            <div class=\"stat-number\">20<\/div>\r\n            <div class=\"stat-label\">Trusted Clients<\/div>\r\n          <\/div>\r\n        <\/div>\r\n        <div class=\"stat-divider\"><\/div>\r\n        <div class=\"stat-item\">\r\n          <div class=\"stat-icon\">\r\n            <img decoding=\"async\" src=\"\/images\/77747_1821.svg\" alt=\"Icon\">\r\n          <\/div>\r\n          <div class=\"stat-info\">\r\n            <div class=\"stat-number\">100<\/div>\r\n            <div class=\"stat-label\">Project Completed<\/div>\r\n          <\/div>\r\n        <\/div>\r\n        <div class=\"stat-divider\"><\/div>\r\n        <div class=\"stat-item\">\r\n          <div class=\"stat-icon\">\r\n            <img decoding=\"async\" src=\"\/images\/77747_1842.svg\" alt=\"Icon\">\r\n          <\/div>\r\n          <div class=\"stat-info\">\r\n            <div class=\"stat-number\">5<\/div>\r\n            <div class=\"stat-label\">Business Awards<\/div>\r\n          <\/div>\r\n        <\/div>\r\n      <\/div>\r\n    <\/div>\r\n  <\/section>\r\n  -->\r\n\r\n\r\n  \t\t\t\t<\/div>\n\t\t\t\t<\/div>\n\t\t\t\t\t<\/div>\n\t\t<\/div>\n\t\t\t\t\t<\/div>\n\t\t<\/section>\n\t\t\t\t<\/div>","protected":false},"excerpt":{"rendered":"<p>\u0110\u1ed9i Ng\u0169 C\u1ee7a Ch\u00fang T\u00f4i V\u1edbi kinh nghi\u1ec7m \u0111a d\u1ea1ng \u0111\u01b0\u1ee3c t\u00edch l\u0169y qua nhi\u1ec1u d\u1ef1 \u00e1n th\u1ef1c t\u1ebf c\u1ea3 trong v\u00e0 ngo\u00e0i n\u01b0\u1edbc, \u0111\u1ed9i ng\u0169 c\u00e1n b\u1ed9 gi\u1ea3ng vi\u00ean c\u1ee7a TAMI t\u1ef1 tin tr\u1edf th\u00e0nh nh\u1eefng ng\u01b0\u1eddi \u0111\u1ed3ng h\u00e0nh \u0111\u00e1ng tin c\u1eady tr\u00ean h\u00e0nh tr\u00ecnh ph\u00e1t tri\u1ec3n ngh\u1ec1 nghi\u1ec7p c\u1ee7a c\u00e1c h\u1ecdc vi\u00ean. B\u00f9i [&hellip;]<\/p>","protected":false},"author":1,"featured_media":0,"parent":0,"menu_order":0,"comment_status":"closed","ping_status":"closed","template":"","meta":{"_acf_changed":false,"footnotes":""},"class_list":["post-1715","page","type-page","status-publish","hentry"],"acf":[],"_links":{"self":[{"href":"https:\/\/tamiacademy.com\/en\/wp-json\/wp\/v2\/pages\/1715","targetHints":{"allow":["GET"]}}],"collection":[{"href":"https:\/\/tamiacademy.com\/en\/wp-json\/wp\/v2\/pages"}],"about":[{"href":"https:\/\/tamiacademy.com\/en\/wp-json\/wp\/v2\/types\/page"}],"author":[{"embeddable":true,"href":"https:\/\/tamiacademy.com\/en\/wp-json\/wp\/v2\/users\/1"}],"replies":[{"embeddable":true,"href":"https:\/\/tamiacademy.com\/en\/wp-json\/wp\/v2\/comments?post=1715"}],"version-history":[{"count":6,"href":"https:\/\/tamiacademy.com\/en\/wp-json\/wp\/v2\/pages\/1715\/revisions"}],"predecessor-version":[{"id":1844,"href":"https:\/\/tamiacademy.com\/en\/wp-json\/wp\/v2\/pages\/1715\/revisions\/1844"}],"wp:attachment":[{"href":"https:\/\/tamiacademy.com\/en\/wp-json\/wp\/v2\/media?parent=1715"}],"curies":[{"name":"wp","href":"https:\/\/api.w.org\/{rel}","templated":true}]}}